{"id":100521,"date":"2023-11-22T15:31:48","date_gmt":"2023-11-22T13:31:48","guid":{"rendered":"https:\/\/englishwinecentre.co.uk\/englishwine\/vina-pomal-rioja-crianza-red-wine-gift-pack-2-bottles-75cl\/"},"modified":"2023-12-21T12:29:47","modified_gmt":"2023-12-21T10:29:47","slug":"vina-pomal-rioja-crianza-red-wine-gift-pack-2-bottles-75cl","status":"publish","type":"product","link":"https:\/\/englishwinecentre.co.uk\/englishwine\/product\/vina-pomal-rioja-crianza-red-wine-gift-pack-2-bottles-75cl\/","title":{"rendered":"Vi\u00f1a Pomal Rioja Crianza Red Wine Gift Pack 2 Bottles 75Cl"},"content":{"rendered":"\nVi\u00f1a Pomal Crianza Is The Following are some of ways that you can contact each other Traditional Rioja Red Wine From Rioja Aged For 12 Months In American Oak Barrels<br \/>\nThis Red Rioja Has The Here are a few ways to contact each other High Aromatic Intensity Of Flowers, Black Fruits And Liquorice With Hints Of Vanilla And Roasted Coffee<br \/>\nVi\u00f1a Pomal Crianza Matches Ly With Mild Dishes Such As Rices, Cheeses, P\u00e2t\u00e9s, Casseroles, Greens And Fish, Aswell As Other Dishes Traditional Paired With Vintage Red Wines<br \/>\n100 Percent Tempranillo, The Most Characteristic Rioja Grape Variety<br \/>\nGift Pack Containing 2 Bottles Of 75Cl<\/p>\n","protected":false},"excerpt":{"rendered":"<p>Vi\u00f1a Pomal Crianza Is A Traditional Rioja Red Wine From Rioja Aged For 12 Months In American Oak Barrels<br \/>\nThis Red Rioja Has A High Aromatic Intensity Of Flowers, Black Fruits And Liquorice With Hints Of Vanilla And Roasted Coffee<br \/>\nVi\u00f1a Pomal Crianza Matches ly With Mild Dishes Such As Rices, Cheeses, P\u00e2t\u00e9s, Casseroles, Greens And Fish, Aswell As Other Dishes Traditionally Paired With Vintage Red Wines<\/p>\n","protected":false},"featured_media":100522,"comment_status":"closed","ping_status":"closed","template":"","meta":{"_glsr_average":0,"_glsr_ranking":0,"_glsr_reviews":0},"product_brand":[],"product_cat":[20010,24],"product_tag":[],"class_list":{"0":"post-100521","1":"product","2":"type-product","3":"status-publish","4":"has-post-thumbnail","6":"product_cat-grocery","7":"product_cat-wine","8":"pa_brand-vina-pomal","9":"pa_manufacturer-codorniu-s-a","10":"pa_style-name-rioja-organic","12":"first","13":"instock","14":"shipping-taxable","15":"product-type-external"},"_links":{"self":[{"href":"https:\/\/englishwinecentre.co.uk\/englishwine\/wp-json\/wp\/v2\/product\/100521","targetHints":{"allow":["GET"]}}],"collection":[{"href":"https:\/\/englishwinecentre.co.uk\/englishwine\/wp-json\/wp\/v2\/product"}],"about":[{"href":"https:\/\/englishwinecentre.co.uk\/englishwine\/wp-json\/wp\/v2\/types\/product"}],"replies":[{"embeddable":true,"href":"https:\/\/englishwinecentre.co.uk\/englishwine\/wp-json\/wp\/v2\/comments?post=100521"}],"wp:featuredmedia":[{"embeddable":true,"href":"https:\/\/englishwinecentre.co.uk\/englishwine\/wp-json\/wp\/v2\/media\/100522"}],"wp:attachment":[{"href":"https:\/\/englishwinecentre.co.uk\/englishwine\/wp-json\/wp\/v2\/media?parent=100521"}],"wp:term":[{"taxonomy":"product_brand","embeddable":true,"href":"https:\/\/englishwinecentre.co.uk\/englishwine\/wp-json\/wp\/v2\/product_brand?post=100521"},{"taxonomy":"product_cat","embeddable":true,"href":"https:\/\/englishwinecentre.co.uk\/englishwine\/wp-json\/wp\/v2\/product_cat?post=100521"},{"taxonomy":"product_tag","embeddable":true,"href":"https:\/\/englishwinecentre.co.uk\/englishwine\/wp-json\/wp\/v2\/product_tag?post=100521"}],"curies":[{"name":"wp","href":"https:\/\/api.w.org\/{rel}","templated":true}]}}