{"id":114747,"date":"2024-03-07T03:32:50","date_gmt":"2024-03-07T01:32:50","guid":{"rendered":"https:\/\/englishwinecentre.co.uk\/englishwine\/product\/collection-bordeaux-gold-medal-tasting-selection-of-6-bordeaux-gold-medal-winning-red-wines-6-x-0-75-l\/"},"modified":"2024-03-07T03:32:50","modified_gmt":"2024-03-07T01:32:50","slug":"collection-bordeaux-gold-medal-tasting-selection-of-6-bordeaux-gold-medal-winning-red-wines-6-x-0-75-l","status":"publish","type":"product","link":"https:\/\/englishwinecentre.co.uk\/englishwine\/product\/collection-bordeaux-gold-medal-tasting-selection-of-6-bordeaux-gold-medal-winning-red-wines-6-x-0-75-l\/","title":{"rendered":"Collection Bordeaux Gold Medal Tasting &#8211; Selection of 6 Bordeaux Gold Medal-winning Red Wines (6 x 0.75 l)"},"content":{"rendered":"\nThis assortment currently contains: 1 bottle of Ch\u00e2teau Moulin du Rey (13% ABV), 1 bottle of Ch\u00e2teau Haut Chevalier (14,5% ABV), 1 bottle of Ch\u00e2teau Jaron (14,5% ABV), 1 bottle of Ch\u00e2teau du Grand Puch (13% ABV), 1 bottle of Ch\u00e2teau Laussac (13,5% ABV), 1 bottle of Ch\u00e2teau Ragon bel Air (13,5% ABV)<br \/>\nThis selection of six bottles of gold medal red wine takes you on a journey through the vineyards of Bordeaux. This selection of wines is ideal as a gift, or to treat yourself to medal-winning red wines!<br \/>\nOn the palate, Bordeaux red wines are full-bodied, balanced, persistent, complex and fruity, with notes of blueberry jam, sour cherry and hints of vanilla<br \/>\nThese wines are perfect with red meat and game, creamy and mature cheeses. Origin: Bordeaux, France<br \/>\nNote: content may slightly vary<\/p>\n","protected":false},"excerpt":{"rendered":"<p>This assortment currently contains: 1 bottle of Ch\u00e2teau Moulin du Rey (13% ABV), 1 bottle of Ch\u00e2teau Haut Chevalier (14,5% ABV), 1 bottle of Ch\u00e2teau Jaron (14,5% ABV), 1 bottle of Ch\u00e2teau du Grand Puch (13% ABV), 1 bottle of Ch\u00e2teau Laussac (13,5% ABV), 1 bottle of Ch\u00e2teau Ragon bel Air (13,5% ABV)<br \/>\nThis selection of six bottles of gold medal red wine takes you on a journey through the vineyards of Bordeaux. This selection of wines is ideal as a gift, or to treat yourself to medal-winning red wines!<br \/>\nOn the palate, Bordeaux red wines are full-bodied, balanced, persistent, complex and fruity, with notes of blueberry jam, sour cherry and hints of vanilla<\/p>\n","protected":false},"featured_media":114748,"comment_status":"","ping_status":"closed","template":"","meta":{"_glsr_average":0,"_glsr_ranking":0,"_glsr_reviews":0},"product_brand":[],"product_cat":[20010,24],"product_tag":[],"class_list":{"0":"post-114747","1":"product","2":"type-product","3":"status-publish","4":"has-post-thumbnail","6":"product_cat-grocery","7":"product_cat-wine","8":"pa_brand-coffret-cadeau","9":"pa_manufacturer-les-grands-chais-de-france-33720-landiras","10":"pa_model-24772","12":"first","13":"instock","14":"sale","15":"shipping-taxable","16":"product-type-external"},"_links":{"self":[{"href":"https:\/\/englishwinecentre.co.uk\/englishwine\/wp-json\/wp\/v2\/product\/114747","targetHints":{"allow":["GET"]}}],"collection":[{"href":"https:\/\/englishwinecentre.co.uk\/englishwine\/wp-json\/wp\/v2\/product"}],"about":[{"href":"https:\/\/englishwinecentre.co.uk\/englishwine\/wp-json\/wp\/v2\/types\/product"}],"replies":[{"embeddable":true,"href":"https:\/\/englishwinecentre.co.uk\/englishwine\/wp-json\/wp\/v2\/comments?post=114747"}],"wp:featuredmedia":[{"embeddable":true,"href":"https:\/\/englishwinecentre.co.uk\/englishwine\/wp-json\/wp\/v2\/media\/114748"}],"wp:attachment":[{"href":"https:\/\/englishwinecentre.co.uk\/englishwine\/wp-json\/wp\/v2\/media?parent=114747"}],"wp:term":[{"taxonomy":"product_brand","embeddable":true,"href":"https:\/\/englishwinecentre.co.uk\/englishwine\/wp-json\/wp\/v2\/product_brand?post=114747"},{"taxonomy":"product_cat","embeddable":true,"href":"https:\/\/englishwinecentre.co.uk\/englishwine\/wp-json\/wp\/v2\/product_cat?post=114747"},{"taxonomy":"product_tag","embeddable":true,"href":"https:\/\/englishwinecentre.co.uk\/englishwine\/wp-json\/wp\/v2\/product_tag?post=114747"}],"curies":[{"name":"wp","href":"https:\/\/api.w.org\/{rel}","templated":true}]}}