{"id":136968,"date":"2024-10-04T14:20:40","date_gmt":"2024-10-04T11:20:40","guid":{"rendered":"https:\/\/englishwinecentre.co.uk\/englishwine\/product\/flor-de-cana-5yr-anejo-clasico-rum-70cl-37-5-abv-sustainably-produced-premium-aged-rum-nicaragua\/"},"modified":"2024-10-04T14:32:18","modified_gmt":"2024-10-04T11:32:18","slug":"flor-de-cana-5yr-anejo-clasico-rum-70cl-37-5-abv-sustainably-produced-premium-aged-rum-nicaragua","status":"publish","type":"product","link":"https:\/\/englishwinecentre.co.uk\/englishwine\/product\/flor-de-cana-5yr-anejo-clasico-rum-70cl-37-5-abv-sustainably-produced-premium-aged-rum-nicaragua\/","title":{"rendered":"\u200eFlor de Ca\u00f1a 5yr A\u00f1ejo Cl\u00e1sico Rum 70cl, 37.5% ABV | Sustainably produced, Premium Aged Rum | Nicaragua"},"content":{"rendered":"<p>Bourbon barrel aged<br \/>\n5th generation, single family estate<br \/>\nNaturally aged and enriched by an active volcano<br \/>\nVolcano-enriched, 125 year family tradition<br \/>\nDistilled 100% with renewable energy<\/p>\n","protected":false},"excerpt":{"rendered":"<p>Bourbon barrel aged<br \/>\n5th generation, single family estate<br \/>\nNaturally aged and enriched by an active volcano<\/p>\n","protected":false},"featured_media":136969,"comment_status":"open","ping_status":"closed","template":"","meta":{"_glsr_average":0,"_glsr_ranking":0,"_glsr_reviews":0},"product_brand":[],"product_cat":[20010,24],"product_tag":[],"class_list":{"0":"post-136968","1":"product","2":"type-product","3":"status-publish","4":"has-post-thumbnail","6":"product_cat-grocery","7":"product_cat-wine","8":"pa_brand-flor-de-cana","9":"pa_height-11-023622036-inches","10":"pa_length-2-7952755877-inches","11":"pa_model-19728a","12":"pa_weight-2-866009406-pounds","13":"pa_width-2-5196850368-inches","15":"first","16":"instock","17":"shipping-taxable","18":"product-type-external"},"_links":{"self":[{"href":"https:\/\/englishwinecentre.co.uk\/englishwine\/wp-json\/wp\/v2\/product\/136968","targetHints":{"allow":["GET"]}}],"collection":[{"href":"https:\/\/englishwinecentre.co.uk\/englishwine\/wp-json\/wp\/v2\/product"}],"about":[{"href":"https:\/\/englishwinecentre.co.uk\/englishwine\/wp-json\/wp\/v2\/types\/product"}],"replies":[{"embeddable":true,"href":"https:\/\/englishwinecentre.co.uk\/englishwine\/wp-json\/wp\/v2\/comments?post=136968"}],"wp:featuredmedia":[{"embeddable":true,"href":"https:\/\/englishwinecentre.co.uk\/englishwine\/wp-json\/wp\/v2\/media\/136969"}],"wp:attachment":[{"href":"https:\/\/englishwinecentre.co.uk\/englishwine\/wp-json\/wp\/v2\/media?parent=136968"}],"wp:term":[{"taxonomy":"product_brand","embeddable":true,"href":"https:\/\/englishwinecentre.co.uk\/englishwine\/wp-json\/wp\/v2\/product_brand?post=136968"},{"taxonomy":"product_cat","embeddable":true,"href":"https:\/\/englishwinecentre.co.uk\/englishwine\/wp-json\/wp\/v2\/product_cat?post=136968"},{"taxonomy":"product_tag","embeddable":true,"href":"https:\/\/englishwinecentre.co.uk\/englishwine\/wp-json\/wp\/v2\/product_tag?post=136968"}],"curies":[{"name":"wp","href":"https:\/\/api.w.org\/{rel}","templated":true}]}}