{"id":138642,"date":"2024-10-24T16:19:37","date_gmt":"2024-10-24T13:19:37","guid":{"rendered":"https:\/\/englishwinecentre.co.uk\/englishwine\/product\/clarendelle-bordeaux-red-wine-75cl-inspired-by-haut-brion-vintage-2016-fruity-balanced-generous\/"},"modified":"2024-10-24T16:35:03","modified_gmt":"2024-10-24T13:35:03","slug":"clarendelle-bordeaux-red-wine-75cl-inspired-by-haut-brion-vintage-2016-fruity-balanced-generous","status":"publish","type":"product","link":"https:\/\/englishwinecentre.co.uk\/englishwine\/product\/clarendelle-bordeaux-red-wine-75cl-inspired-by-haut-brion-vintage-2016-fruity-balanced-generous\/","title":{"rendered":"Clarendelle Bordeaux Red Wine 75cl &#8211; Inspired by Haut-Brion &#8211; Vintage 2016 &#8211; Fruity, Balanced &amp; Generous"},"content":{"rendered":"\nSUBTLETY AND HARMONY: Clarendelle Bordeaux Red conjures up balance and style. Its character and delicate structure are the results of a skilful mix of 3 traditional Bordeaux red grape sorts, Cabernet Sauvignon, Merlot and Cabernet Franc.<br \/>\nTASTING: The wines are very fruity, there are aromas of red end result, blackcurrant &amp; a few floral notes of violet. They mix the tannic power of serious vintages with a deliciously velvety texture. The palate is smooth, tough &amp; generous.<br \/>\nOPTIMAL MATURITY: Clarendelle wines all have an aging time that permits the wine to develop into more complicated, more approachable &amp; more chic. Presented most effective once we imagine they specific themselves totally and may also be straight away appreciated.<br \/>\nA FAMILY OF GREAT BORDEAUX BLENDED WINES: All of the distinctive know-how of a Premier Grand Cru from Domaine Clarence Dillon, that is in keeping with 5 centuries of history, may also be present in all Clarendelle wines.<br \/>\nINSPIRED BY HAUT-BRION: Our wines are blended &amp; produced by way of the oenologists of Clarence Dillon Wines in collaboration with Domaine Clarence Dillon (Ch\u00e2teau Haut-Brion &#8211; 1er grand cru class\u00e9, Ch\u00e2teau L.  a. Mission Haut-Brion, Ch\u00e2teau Quintus).<\/p>\n","protected":false},"excerpt":{"rendered":"<p>SUBTLETY AND HARMONY: Clarendelle Bordeaux Red evokes balance and elegance. Its character and subtle structure are the result of a skilful blend of 3 traditional Bordeaux red grape varieties, Cabernet Sauvignon, Merlot and Cabernet Franc.<br \/>\nTASTING: The wines are very fruity, there are aromas of red fruits, blackcurrant &amp; some floral notes of violet. They combine the tannic power of great vintages with a deliciously velvety texture. The palate is smooth, powerful &amp; generous.<br \/>\nOPTIMAL MATURITY: Clarendelle wines all have an aging time that allows the wine to become more complex, more approachable &amp; more elegant. Offered only when we believe they express themselves fully and can be immediately appreciated.<\/p>\n","protected":false},"featured_media":138645,"comment_status":"open","ping_status":"closed","template":"","meta":{"_glsr_average":0,"_glsr_ranking":0,"_glsr_reviews":0},"product_brand":[],"product_cat":[20010,24],"product_tag":[],"class_list":{"0":"post-138642","1":"product","2":"type-product","3":"status-publish","4":"has-post-thumbnail","6":"product_cat-grocery","7":"product_cat-wine","8":"pa_brand-clarendelle","9":"pa_color-red","10":"pa_manufacturer-clarendelle","11":"pa_style-name-bordeaux","12":"pa_style-name-sweet-wine","14":"first","15":"instock","16":"shipping-taxable","17":"product-type-external"},"_links":{"self":[{"href":"https:\/\/englishwinecentre.co.uk\/englishwine\/wp-json\/wp\/v2\/product\/138642","targetHints":{"allow":["GET"]}}],"collection":[{"href":"https:\/\/englishwinecentre.co.uk\/englishwine\/wp-json\/wp\/v2\/product"}],"about":[{"href":"https:\/\/englishwinecentre.co.uk\/englishwine\/wp-json\/wp\/v2\/types\/product"}],"replies":[{"embeddable":true,"href":"https:\/\/englishwinecentre.co.uk\/englishwine\/wp-json\/wp\/v2\/comments?post=138642"}],"wp:featuredmedia":[{"embeddable":true,"href":"https:\/\/englishwinecentre.co.uk\/englishwine\/wp-json\/wp\/v2\/media\/138645"}],"wp:attachment":[{"href":"https:\/\/englishwinecentre.co.uk\/englishwine\/wp-json\/wp\/v2\/media?parent=138642"}],"wp:term":[{"taxonomy":"product_brand","embeddable":true,"href":"https:\/\/englishwinecentre.co.uk\/englishwine\/wp-json\/wp\/v2\/product_brand?post=138642"},{"taxonomy":"product_cat","embeddable":true,"href":"https:\/\/englishwinecentre.co.uk\/englishwine\/wp-json\/wp\/v2\/product_cat?post=138642"},{"taxonomy":"product_tag","embeddable":true,"href":"https:\/\/englishwinecentre.co.uk\/englishwine\/wp-json\/wp\/v2\/product_tag?post=138642"}],"curies":[{"name":"wp","href":"https:\/\/api.w.org\/{rel}","templated":true}]}}