{"id":139461,"date":"2024-10-24T20:18:09","date_gmt":"2024-10-24T17:18:09","guid":{"rendered":"https:\/\/englishwinecentre.co.uk\/englishwine\/product\/moet-chandon-rose-imperial-champagne-75cl\/"},"modified":"2024-10-24T20:19:44","modified_gmt":"2024-10-24T17:19:44","slug":"moet-chandon-rose-imperial-champagne-75cl","status":"publish","type":"product","link":"https:\/\/englishwinecentre.co.uk\/englishwine\/product\/moet-chandon-rose-imperial-champagne-75cl\/","title":{"rendered":"Mo\u00ebt &amp; Chandon Ros\u00e9 Imp\u00e9rial Champagne, 75cl"},"content":{"rendered":"\nSpontaneous, radiant and attractive, with a brilliant fruitiness and stylish adulthood, Mo\u00ebt Ros\u00e9 Imp\u00e9rial is supple at the palate. Folks who want champagnes with excessive flavours might be in particular smartly matched to Mo\u00ebt Ros\u00e9 Imp\u00e9rial, that is made essentially from Pinot Noir.<br \/>\nON THE EYES: Purple with ambery highlights<br \/>\nON THE NOSE: A full of life and excessive bouquet of Crimson end result: wild strawberry, raspberry and cherry, floral nuances of rose, a mild peppery contact<br \/>\nON THE PALATE: The juicy and protracted depth of Crimson end result: strawberry, raspberry and redcurrant, the fleshiness and firmness of peach, the freshness of a delicate menthol be aware<br \/>\nFOOD PAIRING: Crimson mullet fillet, Raspberry Millefeuille<\/p>\n","protected":false},"excerpt":{"rendered":"<p>Spontaneous, radiant and enticing, with a bright fruitiness and elegant maturity, Mo\u00ebt Ros\u00e9 Imp\u00e9rial is supple on the palate. Those who prefer champagnes with intense flavours will be particularly well matched to Mo\u00ebt Ros\u00e9 Imp\u00e9rial, which is made primarily from Pinot Noir.<br \/>\nON THE EYES: Pink with ambery highlights<br \/>\nON THE NOSE: A lively and intense bouquet of red fruits: wild strawberry, raspberry and cherry, floral nuances of rose, a slight peppery touch<\/p>\n","protected":false},"featured_media":139463,"comment_status":"open","ping_status":"closed","template":"","meta":{"_glsr_average":0,"_glsr_ranking":0,"_glsr_reviews":0},"product_brand":[],"product_cat":[20010,24],"product_tag":[],"class_list":{"0":"post-139461","1":"product","2":"type-product","3":"status-publish","4":"has-post-thumbnail","6":"product_cat-grocery","7":"product_cat-wine","8":"pa_brand-moet-chandon","9":"pa_height-12-598425184-inches","10":"pa_length-3-543307083-inches","11":"pa_manufacturer-moet-chandon","12":"pa_model-29303","13":"pa_size-75-cl","14":"pa_size-name-150-cl","15":"pa_style-name-magnum-150cl","16":"pa_weight-3-637627323-pounds","17":"pa_width-3-543307083-inches","19":"first","20":"instock","21":"sale","22":"shipping-taxable","23":"product-type-external"},"_links":{"self":[{"href":"https:\/\/englishwinecentre.co.uk\/englishwine\/wp-json\/wp\/v2\/product\/139461","targetHints":{"allow":["GET"]}}],"collection":[{"href":"https:\/\/englishwinecentre.co.uk\/englishwine\/wp-json\/wp\/v2\/product"}],"about":[{"href":"https:\/\/englishwinecentre.co.uk\/englishwine\/wp-json\/wp\/v2\/types\/product"}],"replies":[{"embeddable":true,"href":"https:\/\/englishwinecentre.co.uk\/englishwine\/wp-json\/wp\/v2\/comments?post=139461"}],"wp:featuredmedia":[{"embeddable":true,"href":"https:\/\/englishwinecentre.co.uk\/englishwine\/wp-json\/wp\/v2\/media\/139463"}],"wp:attachment":[{"href":"https:\/\/englishwinecentre.co.uk\/englishwine\/wp-json\/wp\/v2\/media?parent=139461"}],"wp:term":[{"taxonomy":"product_brand","embeddable":true,"href":"https:\/\/englishwinecentre.co.uk\/englishwine\/wp-json\/wp\/v2\/product_brand?post=139461"},{"taxonomy":"product_cat","embeddable":true,"href":"https:\/\/englishwinecentre.co.uk\/englishwine\/wp-json\/wp\/v2\/product_cat?post=139461"},{"taxonomy":"product_tag","embeddable":true,"href":"https:\/\/englishwinecentre.co.uk\/englishwine\/wp-json\/wp\/v2\/product_tag?post=139461"}],"curies":[{"name":"wp","href":"https:\/\/api.w.org\/{rel}","templated":true}]}}