{"id":139612,"date":"2024-10-24T20:47:53","date_gmt":"2024-10-24T17:47:53","guid":{"rendered":"https:\/\/englishwinecentre.co.uk\/englishwine\/product\/champagne-lallier-reflexion-r-19-75-cl\/"},"modified":"2024-10-24T20:49:44","modified_gmt":"2024-10-24T17:49:44","slug":"champagne-lallier-reflexion-r-19-75-cl","status":"publish","type":"product","link":"https:\/\/englishwinecentre.co.uk\/englishwine\/product\/champagne-lallier-reflexion-r-19-75-cl\/","title":{"rendered":"Champagne Lallier R\u00e9flexion R.19, 75 cl"},"content":{"rendered":"\nLallier Champagne, R\u00e9flexion R, a Cellar Grasp\u2019s Mirrored image on a selected harvest, which enters in massive majority into the mix (60% minimal)<br \/>\nR\u00e9flexion R brut champagne is the guts of Space Lallier taste and supplies the very best steadiness among Purity, Intensity, Freshness &amp; Intensity<br \/>\nA novel mix of Pinot Noir &amp; Chardonnay grapes from a few 50 crus: from C\u00f4te des Blancs, Montagne de Reims, Vall\u00e9e de l.  a. Marne and C\u00f4te des Bar areas<br \/>\nSublime champagne with mild gold and jade reflections: white end result and floral notes with a marginally of brioche and spice; lengthy and dependent end with a reasonably creamy texture<br \/>\nBest possible serve: the suitable champagne glass (lengthy leg, wide bowl, slim opening) brings out the bouquet and bubbles; the very best temperature (10 \u00b0C &#8211; 12 \u00b0C) elevates the aromas<\/p>\n","protected":false},"excerpt":{"rendered":"<p>Lallier Champagne, R\u00e9flexion R, a Cellar Master\u2019s Reflection on a specific harvest, which enters in large majority into the blend (60% minimum)<br \/>\nR\u00e9flexion R brut champagne is the heart of House Lallier style and delivers the perfect balance between Purity, Intensity, Freshness &amp; Depth<br \/>\nA unique blend of Pinot Noir &amp; Chardonnay grapes from some 50 crus: from C\u00f4te des Blancs, Montagne de Reims, Vall\u00e9e de la Marne and C\u00f4te des Bar regions<\/p>\n","protected":false},"featured_media":139613,"comment_status":"open","ping_status":"closed","template":"","meta":{"_glsr_average":0,"_glsr_ranking":0,"_glsr_reviews":0},"product_brand":[],"product_cat":[20010,24],"product_tag":[],"class_list":{"0":"post-139612","1":"product","2":"type-product","3":"status-publish","4":"has-post-thumbnail","6":"product_cat-grocery","7":"product_cat-wine","8":"pa_brand-lallier-champagne","9":"pa_height-12-5984-inches","10":"pa_length-3-472434-inches","11":"pa_manufacturer-campari-group","12":"pa_width-3-472434-inches","14":"first","15":"instock","16":"shipping-taxable","17":"product-type-external"},"_links":{"self":[{"href":"https:\/\/englishwinecentre.co.uk\/englishwine\/wp-json\/wp\/v2\/product\/139612","targetHints":{"allow":["GET"]}}],"collection":[{"href":"https:\/\/englishwinecentre.co.uk\/englishwine\/wp-json\/wp\/v2\/product"}],"about":[{"href":"https:\/\/englishwinecentre.co.uk\/englishwine\/wp-json\/wp\/v2\/types\/product"}],"replies":[{"embeddable":true,"href":"https:\/\/englishwinecentre.co.uk\/englishwine\/wp-json\/wp\/v2\/comments?post=139612"}],"wp:featuredmedia":[{"embeddable":true,"href":"https:\/\/englishwinecentre.co.uk\/englishwine\/wp-json\/wp\/v2\/media\/139613"}],"wp:attachment":[{"href":"https:\/\/englishwinecentre.co.uk\/englishwine\/wp-json\/wp\/v2\/media?parent=139612"}],"wp:term":[{"taxonomy":"product_brand","embeddable":true,"href":"https:\/\/englishwinecentre.co.uk\/englishwine\/wp-json\/wp\/v2\/product_brand?post=139612"},{"taxonomy":"product_cat","embeddable":true,"href":"https:\/\/englishwinecentre.co.uk\/englishwine\/wp-json\/wp\/v2\/product_cat?post=139612"},{"taxonomy":"product_tag","embeddable":true,"href":"https:\/\/englishwinecentre.co.uk\/englishwine\/wp-json\/wp\/v2\/product_tag?post=139612"}],"curies":[{"name":"wp","href":"https:\/\/api.w.org\/{rel}","templated":true}]}}