{"id":139769,"date":"2024-10-24T21:17:56","date_gmt":"2024-10-24T18:17:56","guid":{"rendered":"https:\/\/englishwinecentre.co.uk\/englishwine\/product\/moet-chandon-ice-imperial-rose-champagne-75-cl\/"},"modified":"2024-10-24T21:19:46","modified_gmt":"2024-10-24T18:19:46","slug":"moet-chandon-ice-imperial-rose-champagne-75-cl","status":"publish","type":"product","link":"https:\/\/englishwinecentre.co.uk\/englishwine\/product\/moet-chandon-ice-imperial-rose-champagne-75-cl\/","title":{"rendered":"Mo\u00ebt &amp; Chandon Ice Imp\u00e9rial Ros\u00e9 Champagne, 75 cl"},"content":{"rendered":"\nMoet Ice Imp\u00e9rial breaks all of the regulations, bringing freshness and modernity. The primary and most effective fresh champagne especially created to be loved on ice.<br \/>\nON THE EYES: A deep, sundown crimson with gold tones.<br \/>\nON THE NOSE: Dominant cranberry and morello cherry aromas supply technique to juicy summer time nectarine and fig, with an interesting trace of grenadine within the historical past.<br \/>\nON THE PALATE: This champagne&#8217;s preliminary berry sweetness dissolves into the bittersweet freshness of grapefruit.<br \/>\nPERFECT SERVE: Revel in on ice within the Ice Imperial glass, or a large-bowled wine \/ cabernet-taste glass<\/p>\n","protected":false},"excerpt":{"rendered":"<p>Moet Ice Imp\u00e9rial breaks all the rules, bringing freshness and modernity. The first and only refreshing champagne specially created to be enjoyed on ice.<br \/>\nON THE EYES: A deep, sunset pink with gold tones.<br \/>\nON THE NOSE: Dominant cranberry and morello cherry aromas give way to juicy summer nectarine and fig, with an intriguing hint of grenadine in the background.<\/p>\n","protected":false},"featured_media":139771,"comment_status":"open","ping_status":"closed","template":"","meta":{"_glsr_average":0,"_glsr_ranking":0,"_glsr_reviews":0},"product_brand":[],"product_cat":[20010],"product_tag":[],"class_list":{"0":"post-139769","1":"product","2":"type-product","3":"status-publish","4":"has-post-thumbnail","6":"product_cat-grocery","7":"pa_binding-grocery","8":"pa_brand-moet-chandon","9":"pa_height-12-5590551053-inches","10":"pa_length-3-47244094134-inches","11":"pa_manufacturer-moet-chandon","12":"pa_model-29355","13":"pa_size-75-cl","14":"pa_style-name-single","15":"pa_weight-3-55826090868-pounds","16":"pa_width-3-47244094134-inches","18":"first","19":"instock","20":"sale","21":"shipping-taxable","22":"product-type-external"},"_links":{"self":[{"href":"https:\/\/englishwinecentre.co.uk\/englishwine\/wp-json\/wp\/v2\/product\/139769","targetHints":{"allow":["GET"]}}],"collection":[{"href":"https:\/\/englishwinecentre.co.uk\/englishwine\/wp-json\/wp\/v2\/product"}],"about":[{"href":"https:\/\/englishwinecentre.co.uk\/englishwine\/wp-json\/wp\/v2\/types\/product"}],"replies":[{"embeddable":true,"href":"https:\/\/englishwinecentre.co.uk\/englishwine\/wp-json\/wp\/v2\/comments?post=139769"}],"wp:featuredmedia":[{"embeddable":true,"href":"https:\/\/englishwinecentre.co.uk\/englishwine\/wp-json\/wp\/v2\/media\/139771"}],"wp:attachment":[{"href":"https:\/\/englishwinecentre.co.uk\/englishwine\/wp-json\/wp\/v2\/media?parent=139769"}],"wp:term":[{"taxonomy":"product_brand","embeddable":true,"href":"https:\/\/englishwinecentre.co.uk\/englishwine\/wp-json\/wp\/v2\/product_brand?post=139769"},{"taxonomy":"product_cat","embeddable":true,"href":"https:\/\/englishwinecentre.co.uk\/englishwine\/wp-json\/wp\/v2\/product_cat?post=139769"},{"taxonomy":"product_tag","embeddable":true,"href":"https:\/\/englishwinecentre.co.uk\/englishwine\/wp-json\/wp\/v2\/product_tag?post=139769"}],"curies":[{"name":"wp","href":"https:\/\/api.w.org\/{rel}","templated":true}]}}