{"id":139791,"date":"2024-10-24T21:18:26","date_gmt":"2024-10-24T18:18:26","guid":{"rendered":"https:\/\/englishwinecentre.co.uk\/englishwine\/product\/la-grande-vinotheque-collection-french-cremant-mixed-selection-of-french-white-sparkling-wines-case-of-6-france-6-x-0-75-l\/"},"modified":"2024-10-24T21:19:46","modified_gmt":"2024-10-24T18:19:46","slug":"la-grande-vinotheque-collection-french-cremant-mixed-selection-of-french-white-sparkling-wines-case-of-6-france-6-x-0-75-l","status":"publish","type":"product","link":"https:\/\/englishwinecentre.co.uk\/englishwine\/product\/la-grande-vinotheque-collection-french-cremant-mixed-selection-of-french-white-sparkling-wines-case-of-6-france-6-x-0-75-l\/","title":{"rendered":"La Grande Vinoth\u00e8que &#8211; Collection French Cremant &#8211; Mixed Selection of French White Sparkling Wines Case of 6 &#8211; France (6 x 0.75 L)"},"content":{"rendered":"\nThis glowing wine tasting package deal comprises: 1x Cr\u00e9mant de Limoux Tholomi\u00e8s Brut, 1x Cr\u00e9mant du Jura Marcel Cabelier Brut, 1x Cr\u00e9mant de Bourgogne Fran\u00e7ois Martenot Brut, 1x Cr\u00e9mant de Bordeaux Calvet Brut, 1x Cr\u00e9mant d&#8217;Alsace Colmar Brut, 1x Cr\u00e9mant de Loire LaCheteau Brut<br \/>\nThis tasting package deal comprises six bottles of glowing wine and can accompany all of your festivities<br \/>\nPerfect to offer as a present or to experience your self<br \/>\nAt the palate, this combined percent is balanced, contemporary and fruity with notes of yellow culmination like peach<br \/>\nIt&#8217;s Perfect with aperitifs and truffles<br \/>\nA cr\u00e9mant is a glowing wine made via the standard means, sometimes called the &#8220;m\u00e9thode champenoise&#8221; in Champagne, in a selected appellation house comparable to Bordeaux, Bourgogne or Alsace<br \/>\nWord : Those programs don&#8217;t seem to be present units<\/p>\n","protected":false},"excerpt":{"rendered":"<p>This sparkling wine tasting package contains: 1x Cr\u00e9mant de Limoux Tholomi\u00e8s Brut, 1x Cr\u00e9mant du Jura Marcel Cabelier Brut, 1x Cr\u00e9mant de Bourgogne Fran\u00e7ois Martenot Brut, 1x Cr\u00e9mant de Bordeaux Calvet Brut, 1x Cr\u00e9mant d&#8217;Alsace Colmar Brut, 1x Cr\u00e9mant de Loire LaCheteau Brut<br \/>\nThis tasting package contains six bottles of sparkling wine and will accompany all your festivities<br \/>\nIdeal to give as a gift or to enjoy yourself<\/p>\n","protected":false},"featured_media":139792,"comment_status":"open","ping_status":"closed","template":"","meta":{"_glsr_average":0,"_glsr_ranking":0,"_glsr_reviews":0},"product_brand":[],"product_cat":[20010,24],"product_tag":[],"class_list":{"0":"post-139791","1":"product","2":"type-product","3":"status-publish","4":"has-post-thumbnail","6":"product_cat-grocery","7":"product_cat-wine","8":"pa_brand-la-grande-vinotheque","9":"pa_model-re711519","10":"pa_size-0-7-l","11":"pa_weight-9-92080179-pounds","13":"first","14":"instock","15":"shipping-taxable","16":"product-type-external"},"_links":{"self":[{"href":"https:\/\/englishwinecentre.co.uk\/englishwine\/wp-json\/wp\/v2\/product\/139791","targetHints":{"allow":["GET"]}}],"collection":[{"href":"https:\/\/englishwinecentre.co.uk\/englishwine\/wp-json\/wp\/v2\/product"}],"about":[{"href":"https:\/\/englishwinecentre.co.uk\/englishwine\/wp-json\/wp\/v2\/types\/product"}],"replies":[{"embeddable":true,"href":"https:\/\/englishwinecentre.co.uk\/englishwine\/wp-json\/wp\/v2\/comments?post=139791"}],"wp:featuredmedia":[{"embeddable":true,"href":"https:\/\/englishwinecentre.co.uk\/englishwine\/wp-json\/wp\/v2\/media\/139792"}],"wp:attachment":[{"href":"https:\/\/englishwinecentre.co.uk\/englishwine\/wp-json\/wp\/v2\/media?parent=139791"}],"wp:term":[{"taxonomy":"product_brand","embeddable":true,"href":"https:\/\/englishwinecentre.co.uk\/englishwine\/wp-json\/wp\/v2\/product_brand?post=139791"},{"taxonomy":"product_cat","embeddable":true,"href":"https:\/\/englishwinecentre.co.uk\/englishwine\/wp-json\/wp\/v2\/product_cat?post=139791"},{"taxonomy":"product_tag","embeddable":true,"href":"https:\/\/englishwinecentre.co.uk\/englishwine\/wp-json\/wp\/v2\/product_tag?post=139791"}],"curies":[{"name":"wp","href":"https:\/\/api.w.org\/{rel}","templated":true}]}}