{"id":139971,"date":"2024-10-24T22:02:26","date_gmt":"2024-10-24T19:02:26","guid":{"rendered":"https:\/\/englishwinecentre.co.uk\/englishwine\/product\/moet-chandon-nectar-imperial-rose-champagne-75cl\/"},"modified":"2024-10-24T22:04:46","modified_gmt":"2024-10-24T19:04:46","slug":"moet-chandon-nectar-imperial-rose-champagne-75cl","status":"publish","type":"product","link":"https:\/\/englishwinecentre.co.uk\/englishwine\/product\/moet-chandon-nectar-imperial-rose-champagne-75cl\/","title":{"rendered":"Mo\u00ebt &amp; Chandon Nectar Imp\u00e9rial Ros\u00e9 Champagne, 75cl"},"content":{"rendered":"\nMo\u00ebt and Chandon Nectar Imp\u00e9rial Ros\u00e9 is a voluptuously connoisseur expression of the Mo\u00ebt and Chandon taste.<br \/>\nON THE EYES: A brilliant coral colour with Excessive rose gold reflections<br \/>\nON THE NOSE: Excessive and fruity with notes of mature pink end result (strawberry, raspberry and pomegranate), candy spices (vanilla, brown sugar) and recent mint.<br \/>\nON THE PALATE: Dependent, clean and succulent with recent notes of blood orange.<br \/>\nPERFECT SERVE: Serve chilled among eight-10\u00b0C<\/p>\n","protected":false},"excerpt":{"rendered":"<p>Mo\u00ebt and Chandon Nectar Imp\u00e9rial Ros\u00e9 is a voluptuously gourmet expression of the Mo\u00ebt and Chandon style.<br \/>\nON THE EYES: A bright coral color with intense rose gold reflections<br \/>\nON THE NOSE: Intense and fruity with notes of mature red fruits (strawberry, raspberry and pomegranate), sweet spices (vanilla, brown sugar) and fresh mint.<\/p>\n","protected":false},"featured_media":139973,"comment_status":"open","ping_status":"closed","template":"","meta":{"_glsr_average":0,"_glsr_ranking":0,"_glsr_reviews":0},"product_brand":[],"product_cat":[20010,24],"product_tag":[],"class_list":{"0":"post-139971","1":"product","2":"type-product","3":"status-publish","4":"has-post-thumbnail","6":"product_cat-grocery","7":"product_cat-wine","8":"pa_brand-moet-chandon","9":"pa_height-12-5590551053-inches","10":"pa_length-3-47244094134-inches","11":"pa_manufacturer-moet-chandon","12":"pa_model-3911","13":"pa_size-nectar-imperial-rose-75cl","14":"pa_size-name-nectar-imperial-rose-75cl","15":"pa_size-name-pharrell-williams-limited-edition-75cl","16":"pa_weight-3-527396192-pounds","17":"pa_width-3-47244094134-inches","19":"first","20":"instock","21":"sale","22":"shipping-taxable","23":"product-type-external"},"_links":{"self":[{"href":"https:\/\/englishwinecentre.co.uk\/englishwine\/wp-json\/wp\/v2\/product\/139971","targetHints":{"allow":["GET"]}}],"collection":[{"href":"https:\/\/englishwinecentre.co.uk\/englishwine\/wp-json\/wp\/v2\/product"}],"about":[{"href":"https:\/\/englishwinecentre.co.uk\/englishwine\/wp-json\/wp\/v2\/types\/product"}],"replies":[{"embeddable":true,"href":"https:\/\/englishwinecentre.co.uk\/englishwine\/wp-json\/wp\/v2\/comments?post=139971"}],"wp:featuredmedia":[{"embeddable":true,"href":"https:\/\/englishwinecentre.co.uk\/englishwine\/wp-json\/wp\/v2\/media\/139973"}],"wp:attachment":[{"href":"https:\/\/englishwinecentre.co.uk\/englishwine\/wp-json\/wp\/v2\/media?parent=139971"}],"wp:term":[{"taxonomy":"product_brand","embeddable":true,"href":"https:\/\/englishwinecentre.co.uk\/englishwine\/wp-json\/wp\/v2\/product_brand?post=139971"},{"taxonomy":"product_cat","embeddable":true,"href":"https:\/\/englishwinecentre.co.uk\/englishwine\/wp-json\/wp\/v2\/product_cat?post=139971"},{"taxonomy":"product_tag","embeddable":true,"href":"https:\/\/englishwinecentre.co.uk\/englishwine\/wp-json\/wp\/v2\/product_tag?post=139971"}],"curies":[{"name":"wp","href":"https:\/\/api.w.org\/{rel}","templated":true}]}}