{"id":143951,"date":"2025-02-16T02:55:24","date_gmt":"2025-02-16T00:55:24","guid":{"rendered":"https:\/\/englishwinecentre.co.uk\/englishwine\/product\/brewdog-12-mixed-pack-craft-beers-seasonal-exclusives\/"},"modified":"2025-02-16T02:55:25","modified_gmt":"2025-02-16T00:55:25","slug":"brewdog-12-mixed-pack-craft-beers-seasonal-exclusives","status":"publish","type":"product","link":"https:\/\/englishwinecentre.co.uk\/englishwine\/product\/brewdog-12-mixed-pack-craft-beers-seasonal-exclusives\/","title":{"rendered":"BrewDog 12 Mixed Pack Craft Beers &#8211; Seasonal Exclusives"},"content":{"rendered":"\n???? PERFECT GIFT FOR BEER LOVERS: At the first day of Christmas, permit\u2019s desire your actual love gifts you with this sort of. A long way more straightforward to appear after than a pear tree. A long way much less prone to disenchanted the neighbours than a are living partridge.<br \/>\nHAZY JANE Alc. 5.zero% Vol. Foods: Water, malted barley, malted oats, torrefied wheat, hops, yeast. Zutaten: Wasser, Gerstenmalz, Hafermalz, ger\u00f6stetes Weizen, Hopfen, Hefe. Ingr\u00e9dients: Eau, malt d&#8217;orge, malt d&#8217;avoine, bl\u00e9 torr\u00e9fi\u00e9, houblons, levure. Ingredienti: Acqua, malto d&#8217;orzo, malto d&#8217;avena, frumento torrefatto, luppolo, lievito. Bevat gerst, haver, tarwe. Contiene cebada, avena, trigo. Inneh\u00e5ller kornmalt, havremalt, rostad vete. Sis\u00e4lt\u00e4\u00e4 ohraa, kauraa, vehn\u00e4\u00e4. Indeholder byg, havre, hvede.<br \/>\nWINGMAN Alc. 4.three% Vol. Foods: Water, malted barley, hops, yeast. Zutaten: Wasser, Gerstenmalz, Hopfen, Hefe. Ingr\u00e9dients: Eau, malt d&#8217;orge, houblons, levure. Ingredienti: Acqua, malto d&#8217;orzo, luppolo, lievito. Bevat gerst. Contiene cebada. Inneh\u00e5ller kornmalt. Sis\u00e4lt\u00e4\u00e4<br \/>\nELVIS JUICE Alc. 6.five% Vol. Foods: Water, malted barley, yeast, hops, grapefruit and orange flavouring. Zutaten: Wasser, Gerstenmalz, Hefe, Hopfen, Grapefruit und Orangen aroma. Ingr\u00e9dients: Eau, malt d&#8217;orge, levure, houblons, pamplemousse et orange ar\u00f4me. Ingredienti: Acqua, malto d&#8217;orzo, lievito, luppolo, pompelmo e arancia aroma. Bevat gerst. Contiene cebada. Inneh\u00e5ller kornmalt. Sis\u00e4lt\u00e4\u00e4 ohraa. Indeholder byg.<br \/>\nLOST LAGER Alc. 4.five% Vol. Foods: Water, malted barley, yeast, hops. Zutaten: Wasser, Gerstenmalz, Hefe, Hopfen. Ingr\u00e9dients: Eau, malt d&#8217;orge, levure, houblons. Ingredienti: Acqua, malto d&#8217;orzo, lievito, luppolo. Bevat gerst. Contiene cebada. Inneh\u00e5ller kornmalt. Sis\u00e4lt\u00e4\u00e4 ohraa. Indeholder byg.<br \/>\nHAZY JANE GUAVA Alc. 5.zero% Vol. Foods: Water, malted barley,_ lactose (milk), torrefied wheat, malted oats, hops, yeast, herbal flavourings. Zutaten: Wasser, Gerstenmalz,_ Laktose (Milch),_ger\u00f6stetes Weizen, Hafermalz, Hopfen, Hefe, nat\u00fcrliche Aromen. Ingr\u00e9dients: Eau, malt d&#8217;orge, lactose (lait), bl\u00e9 torr\u00e9fi\u00e9, malt d&#8217;avoine, houblons, levure, ar\u00f4mes naturels. Ingredienti: Acqua, malto d&#8217;orzo, _ lattosio (latte), frumento torrefatto, malto d&#8217;avena, luppolo, lievito, aromi naturali. Bevat gerst, lactose (melk), tarwe, haver. Contiene cebada, lactosa (leche), trigo, avena. Inneh\u00e5ller kornmalt, laktos (mj\u00f6lk), rostad vete, havremalt.<br \/>\nWINGMAN TROPICAL Alc. 7.2% Vol. Foods: Water, malted barley, torrefied wheat, malted oats, hops, yeast, herbal mango flavouring, herbal passionfruit flavouring. Zutaten: Wasser, Gerstenmalz, ger\u00f6stetes Weizen, Hafermalz, Hopfen, Hefe, nat\u00fcrliches Mangoaroma, nat\u00fcrliches Passionsfruchtaroma. Ingr\u00e9dients: Eau, malt d&#8217;orge, bl\u00e9 torr\u00e9fi\u00e9, malt d&#8217;avoine, houblons, levure, ar\u00f4me naturel de mangue, ar\u00f4me naturel de fruit de los angeles pastime. Ingredienti: Acqua, malto d&#8217;orzo, frumento torrefatto, malto d&#8217;avena, luppolo, lievito, aroma naturale di mango, aroma naturale di frutto della passione. Bevat gerst, tarwe, haver. Contiene cebada, trigo, avena. Inneh\u00e5ller kornmalt, rostad vete, havremalt.<br \/>\nPOST PUNK Alc. 5.four% Vol. Foods: Water, malted barley, yeast, hops, herbal flavourings. Zutaten: Wasser, Gerstenmalz, Hefe, Hopfen, nat\u00fcrliche Aromen. Ingr\u00e9dients: Eau, malt d&#8217;orge, levure, houblons, ar\u00f4mes naturels. Ingredienti: Acqua, malto d&#8217;orzo, lievito, luppolo, aromi naturali. Bevat gerst. Contiene cebada. Inneh\u00e5ller kornmalt. Sis\u00e4lt\u00e4\u00e4 ohraa. Indeholder byg.<br \/>\nCOLD BEER Alc. 3.four% Vol. Foods: Water, malted barley, yeast, hops. Zutaten: Wasser, Gerstenmalz, Hefe, Hopfen. Ingr\u00e9dients: Eau, malt d&#8217;orge, levure, houblons. Ingredienti: Acqua, malto d&#8217;orzo, lievito, luppolo. Bevat gerst. Contiene cebada. Inneh\u00e5ller kornmalt. Sis\u00e4lt\u00e4\u00e4 ohraa. Indeholder byg.<br \/>\nROCKY ROAD Alc. 6.eight% Vol. Foods: Water, malted barley, lactose (milk), malted oats, yeast, herbal flavourings, hops. Zutaten: Wasser, Gerstenmalz, Laktose (Milch), Hafermalz, Hefe, nat\u00fcrliche Aromen, Hopfen. Ingr\u00e9dients: Eau, malt d&#8217;orge, lactose (lait), malt d&#8217;avoine, levure, ar\u00f4mes naturels, houblons. Ingredienti: Acqua, malto d&#8217;orzo, lattosio (latte), malto d&#8217;avena, lievito, aromi naturali, luppolo. Bevat gerst, lactose (melk), haver. Contiene cebada, lactosa (leche), avena. Inneh\u00e5ller kornmalt, laktos (mj\u00f6lk), havremalt. Sis\u00e4lt\u00e4\u00e4 ohraa, laktoosi (maito), kauraa. Indeholder byg, laktose (m\u00e6lk), havre.<\/p>\n","protected":false},"excerpt":{"rendered":"<p>???? PERFECT GIFT FOR BEER LOVERS: On the first day of Christmas, let\u2019s hope your true love presents you with one of these. Far easier to look after than a pear tree. Far less likely to upset the neighbours than a live partridge.<br \/>\nHAZY JANE Alc. 5.0% Vol. Ingredients: Water, malted barley, malted oats, torrefied wheat, hops, yeast. Zutaten: Wasser, Gerstenmalz, Hafermalz, ger\u00f6stetes Weizen, Hopfen, Hefe. Ingr\u00e9dients: Eau, malt d&#8217;orge, malt d&#8217;avoine, bl\u00e9 torr\u00e9fi\u00e9, houblons, levure. Ingredienti: Acqua, malto d&#8217;orzo, malto d&#8217;avena, frumento torrefatto, luppolo, lievito. Bevat gerst, haver, tarwe. Contiene cebada, avena, trigo. Inneh\u00e5ller kornmalt, havremalt, rostad vete. Sis\u00e4lt\u00e4\u00e4 ohraa, kauraa, vehn\u00e4\u00e4. Indeholder byg, havre, hvede.<br \/>\nWINGMAN Alc. 4.3% Vol. Ingredients: Water, malted barley, hops, yeast. Zutaten: Wasser, Gerstenmalz, Hopfen, Hefe. Ingr\u00e9dients: Eau, malt d&#8217;orge, houblons, levure. Ingredienti: Acqua, malto d&#8217;orzo, luppolo, lievito. Bevat gerst. Contiene cebada. Inneh\u00e5ller kornmalt. Sis\u00e4lt\u00e4\u00e4<\/p>\n","protected":false},"featured_media":143952,"comment_status":"closed","ping_status":"closed","template":"","meta":{"_glsr_average":0,"_glsr_ranking":0,"_glsr_reviews":0},"product_brand":[],"product_cat":[20010,24],"product_tag":[],"class_list":{"0":"post-143951","1":"product","2":"type-product","3":"status-publish","4":"has-post-thumbnail","6":"product_cat-grocery","7":"product_cat-wine","8":"pa_brand-brewdog","9":"pa_manufacturer-brewdog","10":"pa_size-330-00-ml-pack-of-12","11":"pa_weight-9-3255536826-pounds","13":"first","14":"instock","15":"shipping-taxable","16":"product-type-external"},"_links":{"self":[{"href":"https:\/\/englishwinecentre.co.uk\/englishwine\/wp-json\/wp\/v2\/product\/143951","targetHints":{"allow":["GET"]}}],"collection":[{"href":"https:\/\/englishwinecentre.co.uk\/englishwine\/wp-json\/wp\/v2\/product"}],"about":[{"href":"https:\/\/englishwinecentre.co.uk\/englishwine\/wp-json\/wp\/v2\/types\/product"}],"replies":[{"embeddable":true,"href":"https:\/\/englishwinecentre.co.uk\/englishwine\/wp-json\/wp\/v2\/comments?post=143951"}],"wp:featuredmedia":[{"embeddable":true,"href":"https:\/\/englishwinecentre.co.uk\/englishwine\/wp-json\/wp\/v2\/media\/143952"}],"wp:attachment":[{"href":"https:\/\/englishwinecentre.co.uk\/englishwine\/wp-json\/wp\/v2\/media?parent=143951"}],"wp:term":[{"taxonomy":"product_brand","embeddable":true,"href":"https:\/\/englishwinecentre.co.uk\/englishwine\/wp-json\/wp\/v2\/product_brand?post=143951"},{"taxonomy":"product_cat","embeddable":true,"href":"https:\/\/englishwinecentre.co.uk\/englishwine\/wp-json\/wp\/v2\/product_cat?post=143951"},{"taxonomy":"product_tag","embeddable":true,"href":"https:\/\/englishwinecentre.co.uk\/englishwine\/wp-json\/wp\/v2\/product_tag?post=143951"}],"curies":[{"name":"wp","href":"https:\/\/api.w.org\/{rel}","templated":true}]}}