{"id":145620,"date":"2025-04-07T00:48:05","date_gmt":"2025-04-06T21:48:05","guid":{"rendered":"https:\/\/englishwinecentre.co.uk\/englishwine\/product\/volare-blue-curacao-liqueur-70-cl\/"},"modified":"2025-04-07T00:48:06","modified_gmt":"2025-04-06T21:48:06","slug":"volare-blue-curacao-liqueur-70-cl","status":"publish","type":"product","link":"https:\/\/englishwinecentre.co.uk\/englishwine\/product\/volare-blue-curacao-liqueur-70-cl\/","title":{"rendered":"Volare Blue Curacao Liqueur, 70 cl"},"content":{"rendered":"<p>Volare is a top rate bar degree liqueur<br \/>\nAdvanced by way of the Antiche Distillery and Global bartending Champion Jamie Stephenson, Volare liqueurs supply versatility and dynamism<br \/>\nVolare works nice in cocktails, with mixers and cushy beverages<br \/>\nThe bottle is designed with aptitude in thoughts; the bottom is completely weighted with regards to the neck and shoulders offering stability and poise<br \/>\nVolare is to be had in a spread of various flavours: Amaretto, Apricot brandy, banana, blackberry, blue Cura\u00e7ao, blueberry, butterscotch, Cassis, Cherry brandy, Cinnamon Crimson, Coconut, Cr\u00e8me de Cacao brown, Cr\u00e8me de Cacao White, Espresso Espresso, Woodland Fruit, Inexperienced Melon, Grenadine, Kiwi, Limoncello, Lime, Lychee, Pastime Fruit, Peach, Peppermint Inexperienced, Peppermint White, Raspberry, Crimson Bitters, Bitter Apple, Bitter Grapefruit, Easy Syrup, Strawberry, Triple Sec, Vanilla, Watermelon<\/p>\n","protected":false},"excerpt":{"rendered":"<p>Volare is a premium bar level liqueur<br \/>\nDeveloped by the Antiche Distillery and World bartending Champion Jamie Stephenson, Volare liqueurs provide versatility and dynamism<br \/>\nVolare works great in cocktails, with mixers and soft drinks<\/p>\n","protected":false},"featured_media":145623,"comment_status":"closed","ping_status":"closed","template":"","meta":{"_glsr_average":0,"_glsr_ranking":0,"_glsr_reviews":0},"product_brand":[],"product_cat":[20010],"product_tag":[],"class_list":{"0":"post-145620","1":"product","2":"type-product","3":"status-publish","4":"has-post-thumbnail","6":"product_cat-grocery","7":"pa_binding-grocery","8":"pa_brand-volare","9":"pa_flavour-name-citrus","10":"pa_flavour-name-vanillacacaofruitstrawberrybutterscotch","11":"pa_manufacturer-hisqm","12":"pa_model-104044-01","13":"pa_size-70-cl","14":"pa_weight-2-645547144-pounds","16":"first","17":"instock","18":"shipping-taxable","19":"product-type-external"},"_links":{"self":[{"href":"https:\/\/englishwinecentre.co.uk\/englishwine\/wp-json\/wp\/v2\/product\/145620","targetHints":{"allow":["GET"]}}],"collection":[{"href":"https:\/\/englishwinecentre.co.uk\/englishwine\/wp-json\/wp\/v2\/product"}],"about":[{"href":"https:\/\/englishwinecentre.co.uk\/englishwine\/wp-json\/wp\/v2\/types\/product"}],"replies":[{"embeddable":true,"href":"https:\/\/englishwinecentre.co.uk\/englishwine\/wp-json\/wp\/v2\/comments?post=145620"}],"wp:featuredmedia":[{"embeddable":true,"href":"https:\/\/englishwinecentre.co.uk\/englishwine\/wp-json\/wp\/v2\/media\/145623"}],"wp:attachment":[{"href":"https:\/\/englishwinecentre.co.uk\/englishwine\/wp-json\/wp\/v2\/media?parent=145620"}],"wp:term":[{"taxonomy":"product_brand","embeddable":true,"href":"https:\/\/englishwinecentre.co.uk\/englishwine\/wp-json\/wp\/v2\/product_brand?post=145620"},{"taxonomy":"product_cat","embeddable":true,"href":"https:\/\/englishwinecentre.co.uk\/englishwine\/wp-json\/wp\/v2\/product_cat?post=145620"},{"taxonomy":"product_tag","embeddable":true,"href":"https:\/\/englishwinecentre.co.uk\/englishwine\/wp-json\/wp\/v2\/product_tag?post=145620"}],"curies":[{"name":"wp","href":"https:\/\/api.w.org\/{rel}","templated":true}]}}