{"id":145776,"date":"2025-04-11T21:01:48","date_gmt":"2025-04-11T18:01:48","guid":{"rendered":"https:\/\/englishwinecentre.co.uk\/englishwine\/product\/nordes-premium-gin-made-from-a-portion-of-wine-alcohol-and-6-galician-botanicals-fresh-aromatic-and-well-balanced-flavour-40-alcohol-volume-bottle-size-70cl\/"},"modified":"2025-04-11T21:01:49","modified_gmt":"2025-04-11T18:01:49","slug":"nordes-premium-gin-made-from-a-portion-of-wine-alcohol-and-6-galician-botanicals-fresh-aromatic-and-well-balanced-flavour-40-alcohol-volume-bottle-size-70cl","status":"publish","type":"product","link":"https:\/\/englishwinecentre.co.uk\/englishwine\/product\/nordes-premium-gin-made-from-a-portion-of-wine-alcohol-and-6-galician-botanicals-fresh-aromatic-and-well-balanced-flavour-40-alcohol-volume-bottle-size-70cl\/","title":{"rendered":"NORD\u00c9S Premium Gin | Made from a Portion of Wine Alcohol and 6 Galician Botanicals. Fresh, Aromatic and Well-Balanced Flavour. 40% Alcohol Volume &#8211; Bottle Size 70cl"},"content":{"rendered":"\nMADE FROM GALICIAN ALBARI\u00d1O WHITE GRAPE: Nord\u00e9s Gin is a premium spirit produced from the Albari\u00f1o grape that provides it an overly other flavour, with notes of white fruit, making it a in point of fact distinctive and neatly-balanced gin.<br \/>\n11 INDIVIDUALLY MACERATED BOTANICALS: 6 of the botanicals Nord\u00e9s makes use of grow wild in Galicia (sage, lemon verbena, bay leaf, peppermint, eucalyptus and glasswort), and 5 others are sourced out of the country (juniper, cardamom, ginger, hibiscus and black tea).<br \/>\nREFRESHING AND AROMATIC FLAVOUR: Nord\u00e9s owes its title to the wind that comes from the Atlantic to Galicia and on a regular basis brings excellent climate. Nord\u00e9s is Galicia in a bottle, a revolutionary gin with a recent, refined and neatly-ballanced flavour.<br \/>\nFRUITY GIN WITH BALSAMIC HINTS: At the nostril, it&#8217;s aromatic and it has tricks of white fruit, balsamic notes of mint, eucalyptus and bay leaf, and a refined touch of juniper. Within the mouth, it&#8217;s recent and fruity, with tricks of laurel and juniper.<br \/>\nPERFECT SERVE: Nord\u00e9s best possible serve mixes 5cl of Nord\u00e9s and 20cl of herbal tonic water in a large glass with numerous ice garnished with 3 white grapes. Additionally it is an excellent blended drink for cocktails. Crucial is to experience it in excellent corporate.<\/p>\n","protected":false},"excerpt":{"rendered":"<p>MADE FROM GALICIAN ALBARI\u00d1O WHITE GRAPE: Nord\u00e9s Gin is a premium spirit made from the Albari\u00f1o grape that gives it a very different flavour, with notes of white fruit, making it a truly unique and well-balanced gin.<br \/>\n11 INDIVIDUALLY MACERATED BOTANICALS: 6 of the botanicals Nord\u00e9s uses grow wild in Galicia (sage, lemon verbena, bay leaf, peppermint, eucalyptus and glasswort), and 5 others are sourced overseas (juniper, cardamom, ginger, hibiscus and black tea).<br \/>\nREFRESHING AND AROMATIC FLAVOUR: Nord\u00e9s owes its name to the wind that comes from the Atlantic to Galicia and usually brings good weather. Nord\u00e9s is Galicia in a bottle, a revolutionary gin with a fresh, subtle and well-ballanced flavour.<\/p>\n","protected":false},"featured_media":145779,"comment_status":"closed","ping_status":"closed","template":"","meta":{"_glsr_average":0,"_glsr_ranking":0,"_glsr_reviews":0},"product_brand":[],"product_cat":[20010,24],"product_tag":[],"class_list":{"0":"post-145776","1":"product","2":"type-product","3":"status-publish","4":"has-post-thumbnail","6":"product_cat-grocery","7":"product_cat-wine","8":"pa_brand-nordes","9":"pa_configuration-single","10":"pa_height-7-87401574-inches","11":"pa_languages-unknown-spanish-unknown-spanish-unknown-spanish-unknown-spanish-unknown-spanish","12":"pa_length-3-543307083-inches","13":"pa_manufacturer-galician-original-drinks","14":"pa_style-name-5-cl","15":"pa_style-name-700ml","16":"pa_weight-2-20462262-pounds","17":"pa_width-3-93700787-inches","19":"first","20":"instock","21":"shipping-taxable","22":"product-type-external"},"_links":{"self":[{"href":"https:\/\/englishwinecentre.co.uk\/englishwine\/wp-json\/wp\/v2\/product\/145776","targetHints":{"allow":["GET"]}}],"collection":[{"href":"https:\/\/englishwinecentre.co.uk\/englishwine\/wp-json\/wp\/v2\/product"}],"about":[{"href":"https:\/\/englishwinecentre.co.uk\/englishwine\/wp-json\/wp\/v2\/types\/product"}],"replies":[{"embeddable":true,"href":"https:\/\/englishwinecentre.co.uk\/englishwine\/wp-json\/wp\/v2\/comments?post=145776"}],"wp:featuredmedia":[{"embeddable":true,"href":"https:\/\/englishwinecentre.co.uk\/englishwine\/wp-json\/wp\/v2\/media\/145779"}],"wp:attachment":[{"href":"https:\/\/englishwinecentre.co.uk\/englishwine\/wp-json\/wp\/v2\/media?parent=145776"}],"wp:term":[{"taxonomy":"product_brand","embeddable":true,"href":"https:\/\/englishwinecentre.co.uk\/englishwine\/wp-json\/wp\/v2\/product_brand?post=145776"},{"taxonomy":"product_cat","embeddable":true,"href":"https:\/\/englishwinecentre.co.uk\/englishwine\/wp-json\/wp\/v2\/product_cat?post=145776"},{"taxonomy":"product_tag","embeddable":true,"href":"https:\/\/englishwinecentre.co.uk\/englishwine\/wp-json\/wp\/v2\/product_tag?post=145776"}],"curies":[{"name":"wp","href":"https:\/\/api.w.org\/{rel}","templated":true}]}}