{"id":65804,"date":"2023-09-01T04:31:29","date_gmt":"2023-09-01T01:31:29","guid":{"rendered":"https:\/\/englishwinecentre.co.uk\/englishwine\/selection-bordeaux-gift-box-3-red-wines-with-gold-medal-in-wooden-case-ideal-to-offer-origin-bordeaux-france-3-x-0-75-l\/"},"modified":"2023-12-22T21:17:12","modified_gmt":"2023-12-22T19:17:12","slug":"selection-bordeaux-gift-box-3-red-wines-with-gold-medal-in-wooden-case-ideal-to-offer-origin-bordeaux-france-3-x-0-75-l","status":"publish","type":"product","link":"https:\/\/englishwinecentre.co.uk\/englishwine\/product\/selection-bordeaux-gift-box-3-red-wines-with-gold-medal-in-wooden-case-ideal-to-offer-origin-bordeaux-france-3-x-0-75-l\/","title":{"rendered":"Selection Bordeaux &#8211; Gift Box 3 Red Wines With Gold medal in wooden case Ideal You You can get &#8211; Origin : Bordeaux, France 3 x 0,75 L"},"content":{"rendered":"<p>Selection<br \/>\nThis The The reward box can hold three bottles Gold Medal Bordeaux Pink Wine wooden case: 1x Ch\u00e2teau Franc Couplet Gold Medal (13% alcohol), 1x Ch\u00e2teau Pied d&#8217;Argent Bellevue Gold Medal (13% Alcohol), 1x Ch\u00e2teau Dubois Claverie Gold medal (14% alcohol).<br \/>\nThis The A tasting pack includes three bottles of wine packaged in a wood box. It Enjoy a thrilling adventure with the help of Bordeaux<br \/>\nIdeal To Enjoy yourself or give as a present<br \/>\nOn The Blend is delicate, balanced and easy to consume.<br \/>\nIdeal With Pink meat, chocolate cake and cheese<br \/>\nOrigin : Bordeaux, France<br \/>\nNoteContent may not change much.<br \/>\n\n","protected":false},"excerpt":{"rendered":"<p>This gift box contains three bottles of Gold Medal Bordeaux red wine wooden case : 1x Ch\u00e2teau Franc Couplet gold medal (13% alcohol), 1x Ch\u00e2teau Pied d&#8217;Argent Bellevue gold medal (13% alcohol), 1x Ch\u00e2teau Dubois Claverie gold medal (14% alcohol)<br \/>\nThis tasting pack contains three bottles of red wine in wooden box and takes you on a journey through Bordeaux<br \/>\nIdeal as a gift or to enjoy yourself<\/p>\n","protected":false},"featured_media":65805,"comment_status":"closed","ping_status":"closed","template":"","meta":{"_glsr_average":0,"_glsr_ranking":0,"_glsr_reviews":0},"product_brand":[],"product_cat":[23,73,24],"product_tag":[],"class_list":{"0":"post-65804","1":"product","2":"type-product","3":"status-publish","4":"has-post-thumbnail","6":"product_cat-beer-wine-and-spirits","7":"product_cat-red-wine","8":"product_cat-wine","9":"pa_color-red","11":"first","12":"instock","13":"shipping-taxable","14":"product-type-external"},"_links":{"self":[{"href":"https:\/\/englishwinecentre.co.uk\/englishwine\/wp-json\/wp\/v2\/product\/65804","targetHints":{"allow":["GET"]}}],"collection":[{"href":"https:\/\/englishwinecentre.co.uk\/englishwine\/wp-json\/wp\/v2\/product"}],"about":[{"href":"https:\/\/englishwinecentre.co.uk\/englishwine\/wp-json\/wp\/v2\/types\/product"}],"replies":[{"embeddable":true,"href":"https:\/\/englishwinecentre.co.uk\/englishwine\/wp-json\/wp\/v2\/comments?post=65804"}],"wp:featuredmedia":[{"embeddable":true,"href":"https:\/\/englishwinecentre.co.uk\/englishwine\/wp-json\/wp\/v2\/media\/65805"}],"wp:attachment":[{"href":"https:\/\/englishwinecentre.co.uk\/englishwine\/wp-json\/wp\/v2\/media?parent=65804"}],"wp:term":[{"taxonomy":"product_brand","embeddable":true,"href":"https:\/\/englishwinecentre.co.uk\/englishwine\/wp-json\/wp\/v2\/product_brand?post=65804"},{"taxonomy":"product_cat","embeddable":true,"href":"https:\/\/englishwinecentre.co.uk\/englishwine\/wp-json\/wp\/v2\/product_cat?post=65804"},{"taxonomy":"product_tag","embeddable":true,"href":"https:\/\/englishwinecentre.co.uk\/englishwine\/wp-json\/wp\/v2\/product_tag?post=65804"}],"curies":[{"name":"wp","href":"https:\/\/api.w.org\/{rel}","templated":true}]}}