{"id":72137,"date":"2023-09-06T15:15:32","date_gmt":"2023-09-06T12:15:32","guid":{"rendered":"https:\/\/englishwinecentre.co.uk\/englishwine\/zubrowka-biala-vodka-37-5-percent-abv-1-litre\/"},"modified":"2023-12-22T17:55:01","modified_gmt":"2023-12-22T15:55:01","slug":"zubrowka-biala-vodka-37-5-percent-abv-1-litre","status":"publish","type":"product","link":"https:\/\/englishwinecentre.co.uk\/englishwine\/product\/zubrowka-biala-vodka-37-5-percent-abv-1-litre\/","title":{"rendered":"\u017bubr\u00f3wka Bia\u0142a Vodka ABV of 37.5 percent, 1 Litre"},"content":{"rendered":"\nSeven Distilled for purity and smoothness<br \/>\nMade The best grain spirits for a crisp, clear style<br \/>\nFourHere are a few reasons to consider using someone elsetinum for its unsurpassed high quality.<br \/>\nNo.1 heritage vodka in Poland And The world&#8217;s leading vodka brand is recognized as a high-quality model<br \/>\nVersatile There There are many options for servings. You can choose to drink it straight or mix with your favorite mixer. Premium Quality Pure Polish Vodka<br \/>\n\n","protected":false},"excerpt":{"rendered":"<p>Seven times distilled for exceptional purity and smoothness<br \/>\nMade with the finest selected grain spirit for a crisp and clear taste<br \/>\nFour-step filtration process, including through platinum, for unparalleled quality<\/p>\n","protected":false},"featured_media":72138,"comment_status":"closed","ping_status":"closed","template":"","meta":{"_glsr_average":0,"_glsr_ranking":0,"_glsr_reviews":0},"product_brand":[],"product_cat":[23,209,24],"product_tag":[],"class_list":{"0":"post-72137","1":"product","2":"type-product","3":"status-publish","4":"has-post-thumbnail","6":"product_cat-beer-wine-and-spirits","7":"product_cat-spirits","8":"product_cat-wine","10":"first","11":"instock","12":"shipping-taxable","13":"product-type-external"},"_links":{"self":[{"href":"https:\/\/englishwinecentre.co.uk\/englishwine\/wp-json\/wp\/v2\/product\/72137","targetHints":{"allow":["GET"]}}],"collection":[{"href":"https:\/\/englishwinecentre.co.uk\/englishwine\/wp-json\/wp\/v2\/product"}],"about":[{"href":"https:\/\/englishwinecentre.co.uk\/englishwine\/wp-json\/wp\/v2\/types\/product"}],"replies":[{"embeddable":true,"href":"https:\/\/englishwinecentre.co.uk\/englishwine\/wp-json\/wp\/v2\/comments?post=72137"}],"wp:featuredmedia":[{"embeddable":true,"href":"https:\/\/englishwinecentre.co.uk\/englishwine\/wp-json\/wp\/v2\/media\/72138"}],"wp:attachment":[{"href":"https:\/\/englishwinecentre.co.uk\/englishwine\/wp-json\/wp\/v2\/media?parent=72137"}],"wp:term":[{"taxonomy":"product_brand","embeddable":true,"href":"https:\/\/englishwinecentre.co.uk\/englishwine\/wp-json\/wp\/v2\/product_brand?post=72137"},{"taxonomy":"product_cat","embeddable":true,"href":"https:\/\/englishwinecentre.co.uk\/englishwine\/wp-json\/wp\/v2\/product_cat?post=72137"},{"taxonomy":"product_tag","embeddable":true,"href":"https:\/\/englishwinecentre.co.uk\/englishwine\/wp-json\/wp\/v2\/product_tag?post=72137"}],"curies":[{"name":"wp","href":"https:\/\/api.w.org\/{rel}","templated":true}]}}