{"id":74410,"date":"2023-09-07T05:16:46","date_gmt":"2023-09-07T02:16:46","guid":{"rendered":"https:\/\/englishwinecentre.co.uk\/englishwine\/codigo-1530-anejo-tequila-70cl\/"},"modified":"2023-12-22T17:04:19","modified_gmt":"2023-12-22T15:04:19","slug":"codigo-1530-anejo-tequila-70cl","status":"publish","type":"product","link":"https:\/\/englishwinecentre.co.uk\/englishwine\/product\/codigo-1530-anejo-tequila-70cl\/","title":{"rendered":"Codigo 1530 Anejo Tequila \/ 70cl"},"content":{"rendered":"\nC\u00f3digo 1530 A\u00f1ejo has been lauded by Tequila specialists because the most interesting A\u00f1ejo tequila obtainable<br \/>\nElegant and refined<br \/>\nOak Aromas of fruit blend together<br \/>\nVanilla and Spice<br \/>\n\n","protected":false},"excerpt":{"rendered":"<p>C\u00f3digo 1530 A\u00f1ejo has been lauded by Tequila experts as the finest A\u00f1ejo tequila available<br \/>\nRefined, elegant and expressive<br \/>\nhints of fruit, mingled with oak<\/p>\n","protected":false},"featured_media":74411,"comment_status":"closed","ping_status":"closed","template":"","meta":{"_glsr_average":0,"_glsr_ranking":0,"_glsr_reviews":0},"product_brand":[],"product_cat":[209,2176,24],"product_tag":[],"class_list":{"0":"post-74410","1":"product","2":"type-product","3":"status-publish","4":"has-post-thumbnail","6":"product_cat-spirits","7":"product_cat-tequila","8":"product_cat-wine","10":"first","11":"instock","12":"sale","13":"shipping-taxable","14":"product-type-external"},"_links":{"self":[{"href":"https:\/\/englishwinecentre.co.uk\/englishwine\/wp-json\/wp\/v2\/product\/74410","targetHints":{"allow":["GET"]}}],"collection":[{"href":"https:\/\/englishwinecentre.co.uk\/englishwine\/wp-json\/wp\/v2\/product"}],"about":[{"href":"https:\/\/englishwinecentre.co.uk\/englishwine\/wp-json\/wp\/v2\/types\/product"}],"replies":[{"embeddable":true,"href":"https:\/\/englishwinecentre.co.uk\/englishwine\/wp-json\/wp\/v2\/comments?post=74410"}],"wp:featuredmedia":[{"embeddable":true,"href":"https:\/\/englishwinecentre.co.uk\/englishwine\/wp-json\/wp\/v2\/media\/74411"}],"wp:attachment":[{"href":"https:\/\/englishwinecentre.co.uk\/englishwine\/wp-json\/wp\/v2\/media?parent=74410"}],"wp:term":[{"taxonomy":"product_brand","embeddable":true,"href":"https:\/\/englishwinecentre.co.uk\/englishwine\/wp-json\/wp\/v2\/product_brand?post=74410"},{"taxonomy":"product_cat","embeddable":true,"href":"https:\/\/englishwinecentre.co.uk\/englishwine\/wp-json\/wp\/v2\/product_cat?post=74410"},{"taxonomy":"product_tag","embeddable":true,"href":"https:\/\/englishwinecentre.co.uk\/englishwine\/wp-json\/wp\/v2\/product_tag?post=74410"}],"curies":[{"name":"wp","href":"https:\/\/api.w.org\/{rel}","templated":true}]}}